{"id":374,"date":"2022-02-13T21:09:57","date_gmt":"2022-02-13T21:09:57","guid":{"rendered":"https:\/\/doradcyserwisowi.pl\/?page_id=374"},"modified":"2022-03-31T10:18:01","modified_gmt":"2022-03-31T10:18:01","slug":"zaufali-nam","status":"publish","type":"page","link":"https:\/\/doradcyserwisowi.pl\/index.php\/zaufali-nam\/","title":{"rendered":"Zaufali nam"},"content":{"rendered":"\t\t<div data-elementor-type=\"wp-page\" data-elementor-id=\"374\" class=\"elementor elementor-374\">\n\t\t\t\t\t\t\t\t\t<section class=\"elementor-section elementor-top-section elementor-element elementor-element-03c5619 elementor-section-boxed elementor-section-height-default elementor-section-height-default\" data-id=\"03c5619\" data-element_type=\"section\" data-settings=\"{&quot;background_background&quot;:&quot;classic&quot;}\">\n\t\t\t\t\t\t\t<div class=\"elementor-background-overlay\"><\/div>\n\t\t\t\t\t\t\t<div class=\"elementor-container elementor-column-gap-default\">\n\t\t\t\t\t<div class=\"elementor-column elementor-col-50 elementor-top-column elementor-element elementor-element-b34bcaf\" data-id=\"b34bcaf\" data-element_type=\"column\">\n\t\t\t<div class=\"elementor-widget-wrap elementor-element-populated\">\n\t\t\t\t\t\t\t\t<div class=\"elementor-element elementor-element-93db1c9 elementor-widget elementor-widget-heading\" data-id=\"93db1c9\" data-element_type=\"widget\" data-widget_type=\"heading.default\">\n\t\t\t\t<div class=\"elementor-widget-container\">\n\t\t\t<style>\/*! elementor - v3.18.0 - 20-12-2023 *\/\n.elementor-heading-title{padding:0;margin:0;line-height:1}.elementor-widget-heading .elementor-heading-title[class*=elementor-size-]>a{color:inherit;font-size:inherit;line-height:inherit}.elementor-widget-heading .elementor-heading-title.elementor-size-small{font-size:15px}.elementor-widget-heading .elementor-heading-title.elementor-size-medium{font-size:19px}.elementor-widget-heading .elementor-heading-title.elementor-size-large{font-size:29px}.elementor-widget-heading .elementor-heading-title.elementor-size-xl{font-size:39px}.elementor-widget-heading .elementor-heading-title.elementor-size-xxl{font-size:59px}<\/style><h1 class=\"elementor-heading-title elementor-size-default\">Zaufali nam<\/h1>\t\t<\/div>\n\t\t\t\t<\/div>\n\t\t\t\t<div class=\"elementor-element elementor-element-0daafc9 elementor-align-justify elementor-widget elementor-widget-button\" data-id=\"0daafc9\" data-element_type=\"widget\" data-widget_type=\"button.default\">\n\t\t\t\t<div class=\"elementor-widget-container\">\n\t\t\t\t\t<div class=\"elementor-button-wrapper\">\n\t\t\t<a class=\"elementor-button elementor-button-link elementor-size-md\" href=\"tel:%20+48%20505%20464%20007\">\n\t\t\t\t\t\t<span class=\"elementor-button-content-wrapper\">\n\t\t\t\t\t\t<span class=\"elementor-button-text\">Zadzwo\u0144 teraz<\/span>\n\t\t<\/span>\n\t\t\t\t\t<\/a>\n\t\t<\/div>\n\t\t\t\t<\/div>\n\t\t\t\t<\/div>\n\t\t\t\t\t<\/div>\n\t\t<\/div>\n\t\t\t\t<div class=\"elementor-column elementor-col-50 elementor-top-column elementor-element elementor-element-b3a0bd8\" data-id=\"b3a0bd8\" data-element_type=\"column\">\n\t\t\t<div class=\"elementor-widget-wrap\">\n\t\t\t\t\t\t\t\t\t<\/div>\n\t\t<\/div>\n\t\t\t\t\t\t\t<\/div>\n\t\t<\/section>\n\t\t\t\t<section class=\"elementor-section elementor-top-section elementor-element elementor-element-d50e081 elementor-section-full_width elementor-section-height-default elementor-section-height-default\" data-id=\"d50e081\" data-element_type=\"section\">\n\t\t\t\t\t\t<div class=\"elementor-container elementor-column-gap-no\">\n\t\t\t\t\t<div class=\"elementor-column elementor-col-100 elementor-top-column elementor-element elementor-element-055d7a7\" data-id=\"055d7a7\" data-element_type=\"column\">\n\t\t\t<div class=\"elementor-widget-wrap elementor-element-populated\">\n\t\t\t\t\t\t\t\t<div class=\"elementor-element elementor-element-b89418d elementor-arrows-position-inside elementor-pagination-position-outside elementor-widget elementor-widget-image-carousel\" data-id=\"b89418d\" data-element_type=\"widget\" data-settings=\"{&quot;slides_to_show&quot;:&quot;1&quot;,&quot;speed&quot;:1000,&quot;navigation&quot;:&quot;both&quot;,&quot;autoplay&quot;:&quot;yes&quot;,&quot;pause_on_hover&quot;:&quot;yes&quot;,&quot;pause_on_interaction&quot;:&quot;yes&quot;,&quot;autoplay_speed&quot;:5000,&quot;infinite&quot;:&quot;yes&quot;,&quot;effect&quot;:&quot;slide&quot;}\" data-widget_type=\"image-carousel.default\">\n\t\t\t\t<div class=\"elementor-widget-container\">\n\t\t\t<style>\/*! elementor - v3.18.0 - 20-12-2023 *\/\n.elementor-widget-image-carousel .swiper,.elementor-widget-image-carousel .swiper-container{position:static}.elementor-widget-image-carousel .swiper-container .swiper-slide figure,.elementor-widget-image-carousel .swiper .swiper-slide figure{line-height:inherit}.elementor-widget-image-carousel .swiper-slide{text-align:center}.elementor-image-carousel-wrapper:not(.swiper-container-initialized):not(.swiper-initialized) .swiper-slide{max-width:calc(100% \/ var(--e-image-carousel-slides-to-show, 3))}<\/style>\t\t<div class=\"elementor-image-carousel-wrapper swiper-container\" dir=\"ltr\">\n\t\t\t<div class=\"elementor-image-carousel swiper-wrapper\" aria-live=\"off\">\n\t\t\t\t\t\t\t\t<div class=\"swiper-slide\" role=\"group\" aria-roledescription=\"slide\" aria-label=\"1 of 16\"><a data-elementor-open-lightbox=\"yes\" data-elementor-lightbox-slideshow=\"b89418d\" data-elementor-lightbox-title=\"1\" data-e-action-hash=\"#elementor-action%3Aaction%3Dlightbox%26settings%3DeyJpZCI6MzgyLCJ1cmwiOiJodHRwczpcL1wvZG9yYWRjeXNlcndpc293aS5wbFwvd3AtY29udGVudFwvdXBsb2Fkc1wvMjAyMlwvMDJcLzEuanBlZyIsInNsaWRlc2hvdyI6ImI4OTQxOGQifQ%3D%3D\" href=\"https:\/\/doradcyserwisowi.pl\/wp-content\/uploads\/2022\/02\/1.jpeg\"><figure class=\"swiper-slide-inner\"><img decoding=\"async\" class=\"swiper-slide-image\" src=\"https:\/\/doradcyserwisowi.pl\/wp-content\/uploads\/2022\/02\/1.jpeg\" alt=\"1\" \/><\/figure><\/a><\/div><div class=\"swiper-slide\" role=\"group\" aria-roledescription=\"slide\" aria-label=\"2 of 16\"><a data-elementor-open-lightbox=\"yes\" data-elementor-lightbox-slideshow=\"b89418d\" data-elementor-lightbox-title=\"2\" data-e-action-hash=\"#elementor-action%3Aaction%3Dlightbox%26settings%3DeyJpZCI6MzgzLCJ1cmwiOiJodHRwczpcL1wvZG9yYWRjeXNlcndpc293aS5wbFwvd3AtY29udGVudFwvdXBsb2Fkc1wvMjAyMlwvMDJcLzIuanBlZyIsInNsaWRlc2hvdyI6ImI4OTQxOGQifQ%3D%3D\" href=\"https:\/\/doradcyserwisowi.pl\/wp-content\/uploads\/2022\/02\/2.jpeg\"><figure class=\"swiper-slide-inner\"><img decoding=\"async\" class=\"swiper-slide-image\" src=\"https:\/\/doradcyserwisowi.pl\/wp-content\/uploads\/2022\/02\/2.jpeg\" alt=\"2\" \/><\/figure><\/a><\/div><div class=\"swiper-slide\" role=\"group\" aria-roledescription=\"slide\" aria-label=\"3 of 16\"><a data-elementor-open-lightbox=\"yes\" data-elementor-lightbox-slideshow=\"b89418d\" data-elementor-lightbox-title=\"3\" data-e-action-hash=\"#elementor-action%3Aaction%3Dlightbox%26settings%3DeyJpZCI6Mzg0LCJ1cmwiOiJodHRwczpcL1wvZG9yYWRjeXNlcndpc293aS5wbFwvd3AtY29udGVudFwvdXBsb2Fkc1wvMjAyMlwvMDJcLzMuanBlZyIsInNsaWRlc2hvdyI6ImI4OTQxOGQifQ%3D%3D\" href=\"https:\/\/doradcyserwisowi.pl\/wp-content\/uploads\/2022\/02\/3.jpeg\"><figure class=\"swiper-slide-inner\"><img decoding=\"async\" class=\"swiper-slide-image\" src=\"https:\/\/doradcyserwisowi.pl\/wp-content\/uploads\/2022\/02\/3.jpeg\" alt=\"3\" \/><\/figure><\/a><\/div><div class=\"swiper-slide\" role=\"group\" aria-roledescription=\"slide\" aria-label=\"4 of 16\"><a data-elementor-open-lightbox=\"yes\" data-elementor-lightbox-slideshow=\"b89418d\" data-elementor-lightbox-title=\"4\" data-e-action-hash=\"#elementor-action%3Aaction%3Dlightbox%26settings%3DeyJpZCI6Mzg1LCJ1cmwiOiJodHRwczpcL1wvZG9yYWRjeXNlcndpc293aS5wbFwvd3AtY29udGVudFwvdXBsb2Fkc1wvMjAyMlwvMDJcLzQuanBlZyIsInNsaWRlc2hvdyI6ImI4OTQxOGQifQ%3D%3D\" href=\"https:\/\/doradcyserwisowi.pl\/wp-content\/uploads\/2022\/02\/4.jpeg\"><figure class=\"swiper-slide-inner\"><img decoding=\"async\" class=\"swiper-slide-image\" src=\"https:\/\/doradcyserwisowi.pl\/wp-content\/uploads\/2022\/02\/4.jpeg\" alt=\"4\" \/><\/figure><\/a><\/div><div class=\"swiper-slide\" role=\"group\" aria-roledescription=\"slide\" aria-label=\"5 of 16\"><a data-elementor-open-lightbox=\"yes\" data-elementor-lightbox-slideshow=\"b89418d\" data-elementor-lightbox-title=\"5\" data-e-action-hash=\"#elementor-action%3Aaction%3Dlightbox%26settings%3DeyJpZCI6Mzg2LCJ1cmwiOiJodHRwczpcL1wvZG9yYWRjeXNlcndpc293aS5wbFwvd3AtY29udGVudFwvdXBsb2Fkc1wvMjAyMlwvMDJcLzUuanBlZyIsInNsaWRlc2hvdyI6ImI4OTQxOGQifQ%3D%3D\" href=\"https:\/\/doradcyserwisowi.pl\/wp-content\/uploads\/2022\/02\/5.jpeg\"><figure class=\"swiper-slide-inner\"><img decoding=\"async\" class=\"swiper-slide-image\" src=\"https:\/\/doradcyserwisowi.pl\/wp-content\/uploads\/2022\/02\/5.jpeg\" alt=\"5\" \/><\/figure><\/a><\/div><div class=\"swiper-slide\" role=\"group\" aria-roledescription=\"slide\" aria-label=\"6 of 16\"><a data-elementor-open-lightbox=\"yes\" data-elementor-lightbox-slideshow=\"b89418d\" data-elementor-lightbox-title=\"6\" data-e-action-hash=\"#elementor-action%3Aaction%3Dlightbox%26settings%3DeyJpZCI6Mzg3LCJ1cmwiOiJodHRwczpcL1wvZG9yYWRjeXNlcndpc293aS5wbFwvd3AtY29udGVudFwvdXBsb2Fkc1wvMjAyMlwvMDJcLzYuanBlZyIsInNsaWRlc2hvdyI6ImI4OTQxOGQifQ%3D%3D\" href=\"https:\/\/doradcyserwisowi.pl\/wp-content\/uploads\/2022\/02\/6.jpeg\"><figure class=\"swiper-slide-inner\"><img decoding=\"async\" class=\"swiper-slide-image\" src=\"https:\/\/doradcyserwisowi.pl\/wp-content\/uploads\/2022\/02\/6.jpeg\" alt=\"6\" \/><\/figure><\/a><\/div><div class=\"swiper-slide\" role=\"group\" aria-roledescription=\"slide\" aria-label=\"7 of 16\"><a data-elementor-open-lightbox=\"yes\" data-elementor-lightbox-slideshow=\"b89418d\" data-elementor-lightbox-title=\"7\" data-e-action-hash=\"#elementor-action%3Aaction%3Dlightbox%26settings%3DeyJpZCI6Mzg4LCJ1cmwiOiJodHRwczpcL1wvZG9yYWRjeXNlcndpc293aS5wbFwvd3AtY29udGVudFwvdXBsb2Fkc1wvMjAyMlwvMDJcLzcuanBlZyIsInNsaWRlc2hvdyI6ImI4OTQxOGQifQ%3D%3D\" href=\"https:\/\/doradcyserwisowi.pl\/wp-content\/uploads\/2022\/02\/7.jpeg\"><figure class=\"swiper-slide-inner\"><img decoding=\"async\" class=\"swiper-slide-image\" src=\"https:\/\/doradcyserwisowi.pl\/wp-content\/uploads\/2022\/02\/7.jpeg\" alt=\"7\" \/><\/figure><\/a><\/div><div class=\"swiper-slide\" role=\"group\" aria-roledescription=\"slide\" aria-label=\"8 of 16\"><a data-elementor-open-lightbox=\"yes\" data-elementor-lightbox-slideshow=\"b89418d\" data-elementor-lightbox-title=\"8\" data-e-action-hash=\"#elementor-action%3Aaction%3Dlightbox%26settings%3DeyJpZCI6Mzg5LCJ1cmwiOiJodHRwczpcL1wvZG9yYWRjeXNlcndpc293aS5wbFwvd3AtY29udGVudFwvdXBsb2Fkc1wvMjAyMlwvMDJcLzguanBlZyIsInNsaWRlc2hvdyI6ImI4OTQxOGQifQ%3D%3D\" href=\"https:\/\/doradcyserwisowi.pl\/wp-content\/uploads\/2022\/02\/8.jpeg\"><figure class=\"swiper-slide-inner\"><img decoding=\"async\" class=\"swiper-slide-image\" src=\"https:\/\/doradcyserwisowi.pl\/wp-content\/uploads\/2022\/02\/8.jpeg\" alt=\"8\" \/><\/figure><\/a><\/div><div class=\"swiper-slide\" role=\"group\" aria-roledescription=\"slide\" aria-label=\"9 of 16\"><a data-elementor-open-lightbox=\"yes\" data-elementor-lightbox-slideshow=\"b89418d\" data-elementor-lightbox-title=\"9\" data-e-action-hash=\"#elementor-action%3Aaction%3Dlightbox%26settings%3DeyJpZCI6MzkwLCJ1cmwiOiJodHRwczpcL1wvZG9yYWRjeXNlcndpc293aS5wbFwvd3AtY29udGVudFwvdXBsb2Fkc1wvMjAyMlwvMDJcLzkuanBlZyIsInNsaWRlc2hvdyI6ImI4OTQxOGQifQ%3D%3D\" href=\"https:\/\/doradcyserwisowi.pl\/wp-content\/uploads\/2022\/02\/9.jpeg\"><figure class=\"swiper-slide-inner\"><img decoding=\"async\" class=\"swiper-slide-image\" src=\"https:\/\/doradcyserwisowi.pl\/wp-content\/uploads\/2022\/02\/9.jpeg\" alt=\"9\" \/><\/figure><\/a><\/div><div class=\"swiper-slide\" role=\"group\" aria-roledescription=\"slide\" aria-label=\"10 of 16\"><a data-elementor-open-lightbox=\"yes\" data-elementor-lightbox-slideshow=\"b89418d\" data-elementor-lightbox-title=\"10\" data-e-action-hash=\"#elementor-action%3Aaction%3Dlightbox%26settings%3DeyJpZCI6MzkxLCJ1cmwiOiJodHRwczpcL1wvZG9yYWRjeXNlcndpc293aS5wbFwvd3AtY29udGVudFwvdXBsb2Fkc1wvMjAyMlwvMDJcLzEwLmpwZWciLCJzbGlkZXNob3ciOiJiODk0MThkIn0%3D\" href=\"https:\/\/doradcyserwisowi.pl\/wp-content\/uploads\/2022\/02\/10.jpeg\"><figure class=\"swiper-slide-inner\"><img decoding=\"async\" class=\"swiper-slide-image\" src=\"https:\/\/doradcyserwisowi.pl\/wp-content\/uploads\/2022\/02\/10.jpeg\" alt=\"10\" \/><\/figure><\/a><\/div><div class=\"swiper-slide\" role=\"group\" aria-roledescription=\"slide\" aria-label=\"11 of 16\"><a data-elementor-open-lightbox=\"yes\" data-elementor-lightbox-slideshow=\"b89418d\" data-elementor-lightbox-title=\"11\" data-e-action-hash=\"#elementor-action%3Aaction%3Dlightbox%26settings%3DeyJpZCI6MzkyLCJ1cmwiOiJodHRwczpcL1wvZG9yYWRjeXNlcndpc293aS5wbFwvd3AtY29udGVudFwvdXBsb2Fkc1wvMjAyMlwvMDJcLzExLmpwZWciLCJzbGlkZXNob3ciOiJiODk0MThkIn0%3D\" href=\"https:\/\/doradcyserwisowi.pl\/wp-content\/uploads\/2022\/02\/11.jpeg\"><figure class=\"swiper-slide-inner\"><img decoding=\"async\" class=\"swiper-slide-image\" src=\"https:\/\/doradcyserwisowi.pl\/wp-content\/uploads\/2022\/02\/11.jpeg\" alt=\"11\" \/><\/figure><\/a><\/div><div class=\"swiper-slide\" role=\"group\" aria-roledescription=\"slide\" aria-label=\"12 of 16\"><a data-elementor-open-lightbox=\"yes\" data-elementor-lightbox-slideshow=\"b89418d\" data-elementor-lightbox-title=\"12\" data-e-action-hash=\"#elementor-action%3Aaction%3Dlightbox%26settings%3DeyJpZCI6MzkzLCJ1cmwiOiJodHRwczpcL1wvZG9yYWRjeXNlcndpc293aS5wbFwvd3AtY29udGVudFwvdXBsb2Fkc1wvMjAyMlwvMDJcLzEyLmpwZWciLCJzbGlkZXNob3ciOiJiODk0MThkIn0%3D\" href=\"https:\/\/doradcyserwisowi.pl\/wp-content\/uploads\/2022\/02\/12.jpeg\"><figure class=\"swiper-slide-inner\"><img decoding=\"async\" class=\"swiper-slide-image\" src=\"https:\/\/doradcyserwisowi.pl\/wp-content\/uploads\/2022\/02\/12.jpeg\" alt=\"12\" \/><\/figure><\/a><\/div><div class=\"swiper-slide\" role=\"group\" aria-roledescription=\"slide\" aria-label=\"13 of 16\"><a data-elementor-open-lightbox=\"yes\" data-elementor-lightbox-slideshow=\"b89418d\" data-elementor-lightbox-title=\"13\" data-e-action-hash=\"#elementor-action%3Aaction%3Dlightbox%26settings%3DeyJpZCI6Mzk0LCJ1cmwiOiJodHRwczpcL1wvZG9yYWRjeXNlcndpc293aS5wbFwvd3AtY29udGVudFwvdXBsb2Fkc1wvMjAyMlwvMDJcLzEzLmpwZWciLCJzbGlkZXNob3ciOiJiODk0MThkIn0%3D\" href=\"https:\/\/doradcyserwisowi.pl\/wp-content\/uploads\/2022\/02\/13.jpeg\"><figure class=\"swiper-slide-inner\"><img decoding=\"async\" class=\"swiper-slide-image\" src=\"https:\/\/doradcyserwisowi.pl\/wp-content\/uploads\/2022\/02\/13.jpeg\" alt=\"13\" \/><\/figure><\/a><\/div><div class=\"swiper-slide\" role=\"group\" aria-roledescription=\"slide\" aria-label=\"14 of 16\"><a data-elementor-open-lightbox=\"yes\" data-elementor-lightbox-slideshow=\"b89418d\" data-elementor-lightbox-title=\"14\" data-e-action-hash=\"#elementor-action%3Aaction%3Dlightbox%26settings%3DeyJpZCI6Mzk1LCJ1cmwiOiJodHRwczpcL1wvZG9yYWRjeXNlcndpc293aS5wbFwvd3AtY29udGVudFwvdXBsb2Fkc1wvMjAyMlwvMDJcLzE0LmpwZWciLCJzbGlkZXNob3ciOiJiODk0MThkIn0%3D\" href=\"https:\/\/doradcyserwisowi.pl\/wp-content\/uploads\/2022\/02\/14.jpeg\"><figure class=\"swiper-slide-inner\"><img decoding=\"async\" class=\"swiper-slide-image\" src=\"https:\/\/doradcyserwisowi.pl\/wp-content\/uploads\/2022\/02\/14.jpeg\" alt=\"14\" \/><\/figure><\/a><\/div><div class=\"swiper-slide\" role=\"group\" aria-roledescription=\"slide\" aria-label=\"15 of 16\"><a data-elementor-open-lightbox=\"yes\" data-elementor-lightbox-slideshow=\"b89418d\" data-elementor-lightbox-title=\"15\" data-e-action-hash=\"#elementor-action%3Aaction%3Dlightbox%26settings%3DeyJpZCI6Mzk2LCJ1cmwiOiJodHRwczpcL1wvZG9yYWRjeXNlcndpc293aS5wbFwvd3AtY29udGVudFwvdXBsb2Fkc1wvMjAyMlwvMDJcLzE1LmpwZWciLCJzbGlkZXNob3ciOiJiODk0MThkIn0%3D\" href=\"https:\/\/doradcyserwisowi.pl\/wp-content\/uploads\/2022\/02\/15.jpeg\"><figure class=\"swiper-slide-inner\"><img decoding=\"async\" class=\"swiper-slide-image\" src=\"https:\/\/doradcyserwisowi.pl\/wp-content\/uploads\/2022\/02\/15.jpeg\" alt=\"15\" \/><\/figure><\/a><\/div><div class=\"swiper-slide\" role=\"group\" aria-roledescription=\"slide\" aria-label=\"16 of 16\"><a data-elementor-open-lightbox=\"yes\" data-elementor-lightbox-slideshow=\"b89418d\" data-elementor-lightbox-title=\"16\" data-e-action-hash=\"#elementor-action%3Aaction%3Dlightbox%26settings%3DeyJpZCI6Mzk3LCJ1cmwiOiJodHRwczpcL1wvZG9yYWRjeXNlcndpc293aS5wbFwvd3AtY29udGVudFwvdXBsb2Fkc1wvMjAyMlwvMDJcLzE2LmpwZWciLCJzbGlkZXNob3ciOiJiODk0MThkIn0%3D\" href=\"https:\/\/doradcyserwisowi.pl\/wp-content\/uploads\/2022\/02\/16.jpeg\"><figure class=\"swiper-slide-inner\"><img decoding=\"async\" class=\"swiper-slide-image\" src=\"https:\/\/doradcyserwisowi.pl\/wp-content\/uploads\/2022\/02\/16.jpeg\" alt=\"16\" \/><\/figure><\/a><\/div>\t\t\t<\/div>\n\t\t\t\t\t\t\t\t\t\t\t\t<div class=\"elementor-swiper-button elementor-swiper-button-prev\" role=\"button\" tabindex=\"0\">\n\t\t\t\t\t\t<i aria-hidden=\"true\" class=\"eicon-chevron-left\"><\/i>\t\t\t\t\t<\/div>\n\t\t\t\t\t<div class=\"elementor-swiper-button elementor-swiper-button-next\" role=\"button\" tabindex=\"0\">\n\t\t\t\t\t\t<i aria-hidden=\"true\" class=\"eicon-chevron-right\"><\/i>\t\t\t\t\t<\/div>\n\t\t\t\t\n\t\t\t\t\t\t\t\t\t<div class=\"swiper-pagination\"><\/div>\n\t\t\t\t\t\t\t\t\t<\/div>\n\t\t\t\t<\/div>\n\t\t\t\t<\/div>\n\t\t\t\t\t<\/div>\n\t\t<\/div>\n\t\t\t\t\t\t\t<\/div>\n\t\t<\/section>\n\t\t\t\t\t\t\t<\/div>\n\t\t","protected":false},"excerpt":{"rendered":"<p>Zaufali nam Zadzwo\u0144 teraz Poprzednie Nast\u0119pne<\/p>\n","protected":false},"author":2,"featured_media":0,"parent":0,"menu_order":0,"comment_status":"closed","ping_status":"closed","template":"page-templates\/template-pagebuilder-full-width.php","meta":{"neve_meta_sidebar":"","neve_meta_container":"","neve_meta_enable_content_width":"","neve_meta_content_width":0,"neve_meta_title_alignment":"","neve_meta_author_avatar":"","neve_post_elements_order":"","neve_meta_disable_header":"","neve_meta_disable_footer":"","neve_meta_disable_title":"","_ti_tpc_template_sync":false,"_ti_tpc_template_id":""},"yoast_head":"<!-- This site is optimized with the Yoast SEO plugin v20.1 - https:\/\/yoast.com\/wordpress\/plugins\/seo\/ -->\n<title>Zaufali nam - DoradcySerwisowi.pl - Piaseczno<\/title>\n<meta name=\"description\" content=\"Tw\u00f3j doradca serwisowy w Piasecznie dost\u0119pny 24 godziny, 7 dni w tygodniu. Bezp\u0142atna wycena napraw, serwis samochod\u00f3w, piel\u0119gnacja auta\" \/>\n<meta name=\"robots\" content=\"index, follow, max-snippet:-1, max-image-preview:large, max-video-preview:-1\" \/>\n<link rel=\"canonical\" href=\"https:\/\/doradcyserwisowi.pl\/index.php\/zaufali-nam\/\" \/>\n<meta property=\"og:locale\" content=\"pl_PL\" \/>\n<meta property=\"og:type\" content=\"article\" \/>\n<meta property=\"og:title\" content=\"Zaufali nam - DoradcySerwisowi.pl - Piaseczno\" \/>\n<meta property=\"og:description\" content=\"Tw\u00f3j doradca serwisowy w Piasecznie dost\u0119pny 24 godziny, 7 dni w tygodniu. Bezp\u0142atna wycena napraw, serwis samochod\u00f3w, piel\u0119gnacja auta\" \/>\n<meta property=\"og:url\" content=\"https:\/\/doradcyserwisowi.pl\/index.php\/zaufali-nam\/\" \/>\n<meta property=\"og:site_name\" content=\"DoradcySerwisowi.pl\" \/>\n<meta property=\"article:modified_time\" content=\"2022-03-31T10:18:01+00:00\" \/>\n<meta property=\"og:image\" content=\"http:\/\/doradcyserwisowi.pl\/wp-content\/uploads\/2022\/02\/1.jpeg\" \/>\n<meta name=\"twitter:card\" content=\"summary_large_image\" \/>\n<meta name=\"twitter:label1\" content=\"Szacowany czas czytania\" \/>\n\t<meta name=\"twitter:data1\" content=\"4 minuty\" \/>\n<script type=\"application\/ld+json\" class=\"yoast-schema-graph\">{\"@context\":\"https:\/\/schema.org\",\"@graph\":[{\"@type\":\"WebPage\",\"@id\":\"https:\/\/doradcyserwisowi.pl\/index.php\/zaufali-nam\/\",\"url\":\"https:\/\/doradcyserwisowi.pl\/index.php\/zaufali-nam\/\",\"name\":\"Zaufali nam - DoradcySerwisowi.pl - Piaseczno\",\"isPartOf\":{\"@id\":\"https:\/\/doradcyserwisowi.pl\/#website\"},\"datePublished\":\"2022-02-13T21:09:57+00:00\",\"dateModified\":\"2022-03-31T10:18:01+00:00\",\"description\":\"Tw\u00f3j doradca serwisowy w Piasecznie dost\u0119pny 24 godziny, 7 dni w tygodniu. Bezp\u0142atna wycena napraw, serwis samochod\u00f3w, piel\u0119gnacja auta\",\"breadcrumb\":{\"@id\":\"https:\/\/doradcyserwisowi.pl\/index.php\/zaufali-nam\/#breadcrumb\"},\"inLanguage\":\"pl-PL\",\"potentialAction\":[{\"@type\":\"ReadAction\",\"target\":[\"https:\/\/doradcyserwisowi.pl\/index.php\/zaufali-nam\/\"]}]},{\"@type\":\"BreadcrumbList\",\"@id\":\"https:\/\/doradcyserwisowi.pl\/index.php\/zaufali-nam\/#breadcrumb\",\"itemListElement\":[{\"@type\":\"ListItem\",\"position\":1,\"name\":\"Strona g\u0142\u00f3wna\",\"item\":\"https:\/\/doradcyserwisowi.pl\/\"},{\"@type\":\"ListItem\",\"position\":2,\"name\":\"Zaufali nam\"}]},{\"@type\":\"WebSite\",\"@id\":\"https:\/\/doradcyserwisowi.pl\/#website\",\"url\":\"https:\/\/doradcyserwisowi.pl\/\",\"name\":\"DoradcySerwisowi.pl\",\"description\":\"Doradca serwisowy 24 godziny na dob\u0119, 7 dni w tygodniu\",\"potentialAction\":[{\"@type\":\"SearchAction\",\"target\":{\"@type\":\"EntryPoint\",\"urlTemplate\":\"https:\/\/doradcyserwisowi.pl\/?s={search_term_string}\"},\"query-input\":\"required name=search_term_string\"}],\"inLanguage\":\"pl-PL\"}]}<\/script>\n<!-- \/ Yoast SEO plugin. -->","yoast_head_json":{"title":"Zaufali nam - DoradcySerwisowi.pl - Piaseczno","description":"Tw\u00f3j doradca serwisowy w Piasecznie dost\u0119pny 24 godziny, 7 dni w tygodniu. Bezp\u0142atna wycena napraw, serwis samochod\u00f3w, piel\u0119gnacja auta","robots":{"index":"index","follow":"follow","max-snippet":"max-snippet:-1","max-image-preview":"max-image-preview:large","max-video-preview":"max-video-preview:-1"},"canonical":"https:\/\/doradcyserwisowi.pl\/index.php\/zaufali-nam\/","og_locale":"pl_PL","og_type":"article","og_title":"Zaufali nam - DoradcySerwisowi.pl - Piaseczno","og_description":"Tw\u00f3j doradca serwisowy w Piasecznie dost\u0119pny 24 godziny, 7 dni w tygodniu. Bezp\u0142atna wycena napraw, serwis samochod\u00f3w, piel\u0119gnacja auta","og_url":"https:\/\/doradcyserwisowi.pl\/index.php\/zaufali-nam\/","og_site_name":"DoradcySerwisowi.pl","article_modified_time":"2022-03-31T10:18:01+00:00","og_image":[{"url":"http:\/\/doradcyserwisowi.pl\/wp-content\/uploads\/2022\/02\/1.jpeg"}],"twitter_card":"summary_large_image","twitter_misc":{"Szacowany czas czytania":"4 minuty"},"schema":{"@context":"https:\/\/schema.org","@graph":[{"@type":"WebPage","@id":"https:\/\/doradcyserwisowi.pl\/index.php\/zaufali-nam\/","url":"https:\/\/doradcyserwisowi.pl\/index.php\/zaufali-nam\/","name":"Zaufali nam - DoradcySerwisowi.pl - Piaseczno","isPartOf":{"@id":"https:\/\/doradcyserwisowi.pl\/#website"},"datePublished":"2022-02-13T21:09:57+00:00","dateModified":"2022-03-31T10:18:01+00:00","description":"Tw\u00f3j doradca serwisowy w Piasecznie dost\u0119pny 24 godziny, 7 dni w tygodniu. Bezp\u0142atna wycena napraw, serwis samochod\u00f3w, piel\u0119gnacja auta","breadcrumb":{"@id":"https:\/\/doradcyserwisowi.pl\/index.php\/zaufali-nam\/#breadcrumb"},"inLanguage":"pl-PL","potentialAction":[{"@type":"ReadAction","target":["https:\/\/doradcyserwisowi.pl\/index.php\/zaufali-nam\/"]}]},{"@type":"BreadcrumbList","@id":"https:\/\/doradcyserwisowi.pl\/index.php\/zaufali-nam\/#breadcrumb","itemListElement":[{"@type":"ListItem","position":1,"name":"Strona g\u0142\u00f3wna","item":"https:\/\/doradcyserwisowi.pl\/"},{"@type":"ListItem","position":2,"name":"Zaufali nam"}]},{"@type":"WebSite","@id":"https:\/\/doradcyserwisowi.pl\/#website","url":"https:\/\/doradcyserwisowi.pl\/","name":"DoradcySerwisowi.pl","description":"Doradca serwisowy 24 godziny na dob\u0119, 7 dni w tygodniu","potentialAction":[{"@type":"SearchAction","target":{"@type":"EntryPoint","urlTemplate":"https:\/\/doradcyserwisowi.pl\/?s={search_term_string}"},"query-input":"required name=search_term_string"}],"inLanguage":"pl-PL"}]}},"_links":{"self":[{"href":"https:\/\/doradcyserwisowi.pl\/index.php\/wp-json\/wp\/v2\/pages\/374"}],"collection":[{"href":"https:\/\/doradcyserwisowi.pl\/index.php\/wp-json\/wp\/v2\/pages"}],"about":[{"href":"https:\/\/doradcyserwisowi.pl\/index.php\/wp-json\/wp\/v2\/types\/page"}],"author":[{"embeddable":true,"href":"https:\/\/doradcyserwisowi.pl\/index.php\/wp-json\/wp\/v2\/users\/2"}],"replies":[{"embeddable":true,"href":"https:\/\/doradcyserwisowi.pl\/index.php\/wp-json\/wp\/v2\/comments?post=374"}],"version-history":[{"count":24,"href":"https:\/\/doradcyserwisowi.pl\/index.php\/wp-json\/wp\/v2\/pages\/374\/revisions"}],"predecessor-version":[{"id":587,"href":"https:\/\/doradcyserwisowi.pl\/index.php\/wp-json\/wp\/v2\/pages\/374\/revisions\/587"}],"wp:attachment":[{"href":"https:\/\/doradcyserwisowi.pl\/index.php\/wp-json\/wp\/v2\/media?parent=374"}],"curies":[{"name":"wp","href":"https:\/\/api.w.org\/{rel}","templated":true}]}}